{"id":6885,"date":"2026-04-05T15:06:12","date_gmt":"2026-04-05T13:06:12","guid":{"rendered":"https:\/\/ohmysport.be\/?page_id=6885"},"modified":"2026-04-05T15:28:32","modified_gmt":"2026-04-05T13:28:32","slug":"bebe-nageur-ciney","status":"publish","type":"page","link":"https:\/\/ohmysport.be\/index.php\/bebe-nageur-ciney\/","title":{"rendered":"B\u00e9b\u00e9 Nageur Ciney"},"content":{"rendered":"\t\t<div data-elementor-type=\"wp-page\" data-elementor-id=\"6885\" class=\"elementor elementor-6885\" data-elementor-settings=\"[]\">\n\t\t\t\t\t\t<div class=\"elementor-inner\">\n\t\t\t\t\t\t\t<div class=\"elementor-section-wrap\">\n\t\t\t\t\t\t\t<section class=\"elementor-section elementor-top-section elementor-element elementor-element-7e231153 elementor-section-height-min-height elementor-section-boxed elementor-section-height-default elementor-section-items-middle\" data-id=\"7e231153\" data-element_type=\"section\" data-settings=\"{&quot;background_background&quot;:&quot;classic&quot;}\">\n\t\t\t\t\t\t<div class=\"elementor-container elementor-column-gap-default\">\n\t\t\t\t\t\t\t<div class=\"elementor-row\">\n\t\t\t\t\t<div class=\"elementor-column elementor-col-100 elementor-top-column elementor-element elementor-element-6aa3e2d8\" data-id=\"6aa3e2d8\" data-element_type=\"column\">\n\t\t\t<div class=\"elementor-column-wrap elementor-element-populated\">\n\t\t\t\t\t\t\t<div class=\"elementor-widget-wrap\">\n\t\t\t\t\t\t<section class=\"elementor-section elementor-inner-section elementor-element elementor-element-1915ed62 elementor-section-content-middle elementor-section-boxed elementor-section-height-default elementor-section-height-default\" data-id=\"1915ed62\" data-element_type=\"section\">\n\t\t\t\t\t\t<div class=\"elementor-container elementor-column-gap-default\">\n\t\t\t\t\t\t\t<div class=\"elementor-row\">\n\t\t\t\t\t<div class=\"elementor-column elementor-col-100 elementor-inner-column elementor-element elementor-element-6a1956e3\" data-id=\"6a1956e3\" data-element_type=\"column\" data-settings=\"{&quot;background_background&quot;:&quot;classic&quot;}\">\n\t\t\t<div class=\"elementor-column-wrap elementor-element-populated\">\n\t\t\t\t\t\t\t<div class=\"elementor-widget-wrap\">\n\t\t\t\t\t\t<div class=\"elementor-element elementor-element-50cffad6 elementor-widget elementor-widget-heading\" data-id=\"50cffad6\" data-element_type=\"widget\" data-widget_type=\"heading.default\">\n\t\t\t\t<div class=\"elementor-widget-container\">\n\t\t\t<h2 class=\"elementor-heading-title elementor-size-default\">Cours aquatiques pour B\u00e9b\u00e9s Nageur \u00e0 Ciney<\/h2>\t\t<\/div>\n\t\t\t\t<\/div>\n\t\t\t\t<div class=\"elementor-element elementor-element-1d1b484c elementor-widget elementor-widget-text-editor\" data-id=\"1d1b484c\" data-element_type=\"widget\" data-widget_type=\"text-editor.default\">\n\t\t\t\t<div class=\"elementor-widget-container\">\n\t\t\t\t\t\t\t\t<div class=\"elementor-text-editor elementor-clearfix\">\n\t\t\t\t\t\t\t\t\t<\/div>\n\t\t\t\t\t\t<\/div>\n\t\t\t\t<\/div>\n\t\t\t\t\t\t<\/div>\n\t\t\t\t\t<\/div>\n\t\t<\/div>\n\t\t\t\t\t\t\t\t<\/div>\n\t\t\t\t\t<\/div>\n\t\t<\/section>\n\t\t\t\t\t\t<\/div>\n\t\t\t\t\t<\/div>\n\t\t<\/div>\n\t\t\t\t\t\t\t\t<\/div>\n\t\t\t\t\t<\/div>\n\t\t<\/section>\n\t\t\t\t<section class=\"elementor-section elementor-top-section elementor-element elementor-element-16a213c5 elementor-section-boxed elementor-section-height-default elementor-section-height-default\" data-id=\"16a213c5\" data-element_type=\"section\" data-settings=\"{&quot;background_background&quot;:&quot;classic&quot;}\">\n\t\t\t\t\t\t<div class=\"elementor-container elementor-column-gap-default\">\n\t\t\t\t\t\t\t<div class=\"elementor-row\">\n\t\t\t\t\t<div class=\"elementor-column elementor-col-100 elementor-top-column elementor-element elementor-element-1922873e\" data-id=\"1922873e\" data-element_type=\"column\" data-settings=\"{&quot;background_background&quot;:&quot;classic&quot;}\">\n\t\t\t<div class=\"elementor-column-wrap elementor-element-populated\">\n\t\t\t\t\t\t\t<div class=\"elementor-widget-wrap\">\n\t\t\t\t\t\t<div class=\"elementor-element elementor-element-7d5dd4e elementor-widget elementor-widget-heading\" data-id=\"7d5dd4e\" data-element_type=\"widget\" data-widget_type=\"heading.default\">\n\t\t\t\t<div class=\"elementor-widget-container\">\n\t\t\t<h3 class=\"elementor-heading-title elementor-size-default\">M\u00c9THODE P\u00c9DAGOGIQUE<\/h3>\t\t<\/div>\n\t\t\t\t<\/div>\n\t\t\t\t<div class=\"elementor-element elementor-element-49bedd2 elementor-widget elementor-widget-image\" data-id=\"49bedd2\" data-element_type=\"widget\" data-widget_type=\"image.default\">\n\t\t\t\t<div class=\"elementor-widget-container\">\n\t\t\t\t\t\t\t\t<div class=\"elementor-image\">\n\t\t\t\t\t\t\t\t\t\t\t\t<img loading=\"lazy\" decoding=\"async\" width=\"655\" height=\"645\" src=\"https:\/\/ohmysport.be\/wp-content\/uploads\/2026\/04\/Bebe-nageurs.png\" class=\"attachment-medium_large size-medium_large\" alt=\"\" srcset=\"https:\/\/ohmysport.be\/wp-content\/uploads\/2026\/04\/Bebe-nageurs.png 655w, https:\/\/ohmysport.be\/wp-content\/uploads\/2026\/04\/Bebe-nageurs-300x295.png 300w\" sizes=\"auto, (max-width: 655px) 100vw, 655px\" \/>\t\t\t\t\t\t\t\t\t\t\t\t\t\t<\/div>\n\t\t\t\t\t\t<\/div>\n\t\t\t\t<\/div>\n\t\t\t\t<div class=\"elementor-element elementor-element-370c5bff elementor-widget elementor-widget-heading\" data-id=\"370c5bff\" data-element_type=\"widget\" data-widget_type=\"heading.default\">\n\t\t\t\t<div class=\"elementor-widget-container\">\n\t\t\t<h3 class=\"elementor-heading-title elementor-size-default\">INFOS PRATIQUES<\/h3>\t\t<\/div>\n\t\t\t\t<\/div>\n\t\t\t\t<section class=\"elementor-section elementor-inner-section elementor-element elementor-element-fe0f6b4 elementor-section-boxed elementor-section-height-default elementor-section-height-default\" data-id=\"fe0f6b4\" data-element_type=\"section\">\n\t\t\t\t\t\t<div class=\"elementor-container elementor-column-gap-default\">\n\t\t\t\t\t\t\t<div class=\"elementor-row\">\n\t\t\t\t\t<div class=\"elementor-column elementor-col-25 elementor-inner-column elementor-element elementor-element-0ab5716\" data-id=\"0ab5716\" data-element_type=\"column\">\n\t\t\t<div class=\"elementor-column-wrap\">\n\t\t\t\t\t\t\t<div class=\"elementor-widget-wrap\">\n\t\t\t\t\t\t\t\t<\/div>\n\t\t\t\t\t<\/div>\n\t\t<\/div>\n\t\t\t\t<div class=\"elementor-column elementor-col-25 elementor-inner-column elementor-element elementor-element-5fc78ef0\" data-id=\"5fc78ef0\" data-element_type=\"column\">\n\t\t\t<div class=\"elementor-column-wrap elementor-element-populated\">\n\t\t\t\t\t\t\t<div class=\"elementor-widget-wrap\">\n\t\t\t\t\t\t<div class=\"elementor-element elementor-element-3a9d4d05 elementor-widget elementor-widget-heading\" data-id=\"3a9d4d05\" data-element_type=\"widget\" data-widget_type=\"heading.default\">\n\t\t\t\t<div class=\"elementor-widget-container\">\n\t\t\t<h4 class=\"elementor-heading-title elementor-size-default\">Piscine<\/h4>\t\t<\/div>\n\t\t\t\t<\/div>\n\t\t\t\t<div class=\"elementor-element elementor-element-41565f4f elementor-widget elementor-widget-text-editor\" data-id=\"41565f4f\" data-element_type=\"widget\" data-widget_type=\"text-editor.default\">\n\t\t\t\t<div class=\"elementor-widget-container\">\n\t\t\t\t\t\t\t\t<div class=\"elementor-text-editor elementor-clearfix\">\n\t\t\t\t<p>Bassin privatis\u00e9 par Oh My Sport construit en 2025 avec douches et vestiaires (individuels et collectifs).<\/p>\t\t\t\t\t<\/div>\n\t\t\t\t\t\t<\/div>\n\t\t\t\t<\/div>\n\t\t\t\t\t\t<\/div>\n\t\t\t\t\t<\/div>\n\t\t<\/div>\n\t\t\t\t<div class=\"elementor-column elementor-col-25 elementor-inner-column elementor-element elementor-element-7e95ed57\" data-id=\"7e95ed57\" data-element_type=\"column\">\n\t\t\t<div class=\"elementor-column-wrap elementor-element-populated\">\n\t\t\t\t\t\t\t<div class=\"elementor-widget-wrap\">\n\t\t\t\t\t\t<div class=\"elementor-element elementor-element-71701236 elementor-widget elementor-widget-heading\" data-id=\"71701236\" data-element_type=\"widget\" data-widget_type=\"heading.default\">\n\t\t\t\t<div class=\"elementor-widget-container\">\n\t\t\t<h4 class=\"elementor-heading-title elementor-size-default\">Adresse<\/h4>\t\t<\/div>\n\t\t\t\t<\/div>\n\t\t\t\t<div class=\"elementor-element elementor-element-1d44b352 elementor-widget elementor-widget-text-editor\" data-id=\"1d44b352\" data-element_type=\"widget\" data-widget_type=\"text-editor.default\">\n\t\t\t\t<div class=\"elementor-widget-container\">\n\t\t\t\t\t\t\t\t<div class=\"elementor-text-editor elementor-clearfix\">\n\t\t\t\t<p>Centre Phys\u00e9os <br \/>Rue de la croix limont<br \/>5590 Ciney<\/p>\t\t\t\t\t<\/div>\n\t\t\t\t\t\t<\/div>\n\t\t\t\t<\/div>\n\t\t\t\t\t\t<\/div>\n\t\t\t\t\t<\/div>\n\t\t<\/div>\n\t\t\t\t<div class=\"elementor-column elementor-col-25 elementor-inner-column elementor-element elementor-element-ae1f812\" data-id=\"ae1f812\" data-element_type=\"column\">\n\t\t\t<div class=\"elementor-column-wrap\">\n\t\t\t\t\t\t\t<div class=\"elementor-widget-wrap\">\n\t\t\t\t\t\t\t\t<\/div>\n\t\t\t\t\t<\/div>\n\t\t<\/div>\n\t\t\t\t\t\t\t\t<\/div>\n\t\t\t\t\t<\/div>\n\t\t<\/section>\n\t\t\t\t<section class=\"elementor-section elementor-inner-section elementor-element elementor-element-5680a4ec elementor-section-boxed elementor-section-height-default elementor-section-height-default\" data-id=\"5680a4ec\" data-element_type=\"section\">\n\t\t\t\t\t\t<div class=\"elementor-container elementor-column-gap-default\">\n\t\t\t\t\t\t\t<div class=\"elementor-row\">\n\t\t\t\t\t<div class=\"elementor-column elementor-col-50 elementor-inner-column elementor-element elementor-element-4defb188\" data-id=\"4defb188\" data-element_type=\"column\">\n\t\t\t<div class=\"elementor-column-wrap elementor-element-populated\">\n\t\t\t\t\t\t\t<div class=\"elementor-widget-wrap\">\n\t\t\t\t\t\t<div class=\"elementor-element elementor-element-111af3c0 elementor-widget elementor-widget-heading\" data-id=\"111af3c0\" data-element_type=\"widget\" data-widget_type=\"heading.default\">\n\t\t\t\t<div class=\"elementor-widget-container\">\n\t\t\t<h4 class=\"elementor-heading-title elementor-size-default\">Formule & Horaire<\/h4>\t\t<\/div>\n\t\t\t\t<\/div>\n\t\t\t\t<div class=\"elementor-element elementor-element-7fe24444 elementor-widget elementor-widget-text-editor\" data-id=\"7fe24444\" data-element_type=\"widget\" data-widget_type=\"text-editor.default\">\n\t\t\t\t<div class=\"elementor-widget-container\">\n\t\t\t\t\t\t\t\t<div class=\"elementor-text-editor elementor-clearfix\">\n\t\t\t\t<p>Abonnement semestriel \u2192 17,5 \u20ac \/s\u00e9ance<\/p><p>Dur\u00e9e d\u2019une s\u00e9ance : 30 minutes<\/p><p>Horaire : <br \/>Vendredi : 16h \u00e0 16h30 et de 16h30 \u00e0 17h<\/p>\t\t\t\t\t<\/div>\n\t\t\t\t\t\t<\/div>\n\t\t\t\t<\/div>\n\t\t\t\t\t\t<\/div>\n\t\t\t\t\t<\/div>\n\t\t<\/div>\n\t\t\t\t<div class=\"elementor-column elementor-col-50 elementor-inner-column elementor-element elementor-element-79c90efe\" data-id=\"79c90efe\" data-element_type=\"column\">\n\t\t\t<div class=\"elementor-column-wrap elementor-element-populated\">\n\t\t\t\t\t\t\t<div class=\"elementor-widget-wrap\">\n\t\t\t\t\t\t<div class=\"elementor-element elementor-element-5276755e elementor-widget elementor-widget-heading\" data-id=\"5276755e\" data-element_type=\"widget\" data-widget_type=\"heading.default\">\n\t\t\t\t<div class=\"elementor-widget-container\">\n\t\t\t<h4 class=\"elementor-heading-title elementor-size-default\">Le petit plus<\/h4>\t\t<\/div>\n\t\t\t\t<\/div>\n\t\t\t\t<div class=\"elementor-element elementor-element-2e5e7a1e elementor-widget elementor-widget-text-editor\" data-id=\"2e5e7a1e\" data-element_type=\"widget\" data-widget_type=\"text-editor.default\">\n\t\t\t\t<div class=\"elementor-widget-container\">\n\t\t\t\t\t\t\t\t<div class=\"elementor-text-editor elementor-clearfix\">\n\t\t\t\t<p>Nouvelle infrastructure. Eau chauff\u00e9e \u00e0 31\u00b0C. Cadre adapt\u00e9 et s\u00e9curis\u00e9.<\/p>\t\t\t\t\t<\/div>\n\t\t\t\t\t\t<\/div>\n\t\t\t\t<\/div>\n\t\t\t\t\t\t<\/div>\n\t\t\t\t\t<\/div>\n\t\t<\/div>\n\t\t\t\t\t\t\t\t<\/div>\n\t\t\t\t\t<\/div>\n\t\t<\/section>\n\t\t\t\t\t\t<\/div>\n\t\t\t\t\t<\/div>\n\t\t<\/div>\n\t\t\t\t\t\t\t\t<\/div>\n\t\t\t\t\t<\/div>\n\t\t<\/section>\n\t\t\t\t<section class=\"elementor-section elementor-top-section elementor-element elementor-element-5c5ccc15 elementor-section-boxed elementor-section-height-default elementor-section-height-default\" data-id=\"5c5ccc15\" data-element_type=\"section\" data-settings=\"{&quot;background_background&quot;:&quot;classic&quot;}\">\n\t\t\t\t\t\t<div class=\"elementor-container elementor-column-gap-default\">\n\t\t\t\t\t\t\t<div class=\"elementor-row\">\n\t\t\t\t\t<div class=\"elementor-column elementor-col-100 elementor-top-column elementor-element elementor-element-713bce29\" data-id=\"713bce29\" data-element_type=\"column\">\n\t\t\t<div class=\"elementor-column-wrap elementor-element-populated\">\n\t\t\t\t\t\t\t<div class=\"elementor-widget-wrap\">\n\t\t\t\t\t\t<section class=\"elementor-section elementor-inner-section elementor-element elementor-element-ef67b8 elementor-section-boxed elementor-section-height-default elementor-section-height-default\" data-id=\"ef67b8\" data-element_type=\"section\">\n\t\t\t\t\t\t<div class=\"elementor-container elementor-column-gap-default\">\n\t\t\t\t\t\t\t<div class=\"elementor-row\">\n\t\t\t\t\t<div class=\"elementor-column elementor-col-50 elementor-inner-column elementor-element elementor-element-69f5ffe5\" data-id=\"69f5ffe5\" data-element_type=\"column\">\n\t\t\t<div class=\"elementor-column-wrap elementor-element-populated\">\n\t\t\t\t\t\t\t<div class=\"elementor-widget-wrap\">\n\t\t\t\t\t\t\t\t<\/div>\n\t\t\t\t\t<\/div>\n\t\t<\/div>\n\t\t\t\t<div class=\"elementor-column elementor-col-50 elementor-inner-column elementor-element elementor-element-3d4bab15\" data-id=\"3d4bab15\" data-element_type=\"column\">\n\t\t\t<div class=\"elementor-column-wrap elementor-element-populated\">\n\t\t\t\t\t\t\t<div class=\"elementor-widget-wrap\">\n\t\t\t\t\t\t<div class=\"elementor-element elementor-element-fc8dc6a elementor-widget elementor-widget-heading\" data-id=\"fc8dc6a\" data-element_type=\"widget\" data-widget_type=\"heading.default\">\n\t\t\t\t<div class=\"elementor-widget-container\">\n\t\t\t<h2 class=\"elementor-heading-title elementor-size-default\">S'inscrire<\/h2>\t\t<\/div>\n\t\t\t\t<\/div>\n\t\t\t\t<div class=\"elementor-element elementor-element-101b0b84 elementor-widget elementor-widget-text-editor\" data-id=\"101b0b84\" data-element_type=\"widget\" data-widget_type=\"text-editor.default\">\n\t\t\t\t<div class=\"elementor-widget-container\">\n\t\t\t\t\t\t\t\t<div class=\"elementor-text-editor elementor-clearfix\">\n\t\t\t\t<p><strong>Fanny<\/strong> : <a href=\"tel:0477 05 10 79\">0477 05 10 79<\/a><br \/><strong>Email<\/strong> : fanny@ohmysport.be<\/p>\t\t\t\t\t<\/div>\n\t\t\t\t\t\t<\/div>\n\t\t\t\t<\/div>\n\t\t\t\t<div class=\"elementor-element elementor-element-4323cc2a elementor-mobile-align-center elementor-align-left elementor-widget elementor-widget-button\" data-id=\"4323cc2a\" data-element_type=\"widget\" data-widget_type=\"button.default\">\n\t\t\t\t<div class=\"elementor-widget-container\">\n\t\t\t\t\t<div class=\"elementor-button-wrapper\">\n\t\t\t<a href=\"https:\/\/forms.gle\/faDff2bPu9nBP6xV7\" class=\"elementor-button-link elementor-button elementor-size-lg\" role=\"button\">\n\t\t\t\t\t\t<span class=\"elementor-button-content-wrapper\">\n\t\t\t\t\t\t<span class=\"elementor-button-text\">Formulaire inscription<\/span>\n\t\t<\/span>\n\t\t\t\t\t<\/a>\n\t\t<\/div>\n\t\t\t\t<\/div>\n\t\t\t\t<\/div>\n\t\t\t\t<div class=\"elementor-element elementor-element-39d9f81 elementor-mobile-align-center elementor-widget elementor-widget-button\" data-id=\"39d9f81\" data-element_type=\"widget\" data-widget_type=\"button.default\">\n\t\t\t\t<div class=\"elementor-widget-container\">\n\t\t\t\t\t<div class=\"elementor-button-wrapper\">\n\t\t\t<a href=\"mailto:fanny@ohmysport.be\" class=\"elementor-button-link elementor-button elementor-size-lg\" role=\"button\">\n\t\t\t\t\t\t<span class=\"elementor-button-content-wrapper\">\n\t\t\t\t\t\t<span class=\"elementor-button-icon elementor-align-icon-left\">\n\t\t\t\t<i aria-hidden=\"true\" class=\"far fa-envelope\"><\/i>\t\t\t<\/span>\n\t\t\t\t\t\t<span class=\"elementor-button-text\">Contacter<\/span>\n\t\t<\/span>\n\t\t\t\t\t<\/a>\n\t\t<\/div>\n\t\t\t\t<\/div>\n\t\t\t\t<\/div>\n\t\t\t\t\t\t<\/div>\n\t\t\t\t\t<\/div>\n\t\t<\/div>\n\t\t\t\t\t\t\t\t<\/div>\n\t\t\t\t\t<\/div>\n\t\t<\/section>\n\t\t\t\t\t\t<\/div>\n\t\t\t\t\t<\/div>\n\t\t<\/div>\n\t\t\t\t\t\t\t\t<\/div>\n\t\t\t\t\t<\/div>\n\t\t<\/section>\n\t\t\t\t\t\t<\/div>\n\t\t\t\t\t\t<\/div>\n\t\t\t\t\t<\/div>\n\t\t","protected":false},"excerpt":{"rendered":"<p>Cours aquatiques pour B\u00e9b\u00e9s Nageur \u00e0 Ciney M\u00c9THODE P\u00c9DAGOGIQUE INFOS PRATIQUES Piscine Bassin privatis\u00e9 par Oh My Sport construit en 2025 avec douches et vestiaires (individuels et collectifs). Adresse Centre Phys\u00e9os Rue de la croix limont5590 Ciney Formule &#038; Horaire Abonnement semestriel \u2192 17,5 \u20ac \/s\u00e9ance Dur\u00e9e d\u2019une s\u00e9ance : 30 minutes Horaire : Vendredi &hellip;<\/p>\n<p class=\"read-more\"> <a class=\"\" href=\"https:\/\/ohmysport.be\/index.php\/bebe-nageur-ciney\/\"> <span class=\"screen-reader-text\">B\u00e9b\u00e9 Nageur Ciney<\/span> Lire la suite\u00a0\u00bb<\/a><\/p>\n","protected":false},"author":1,"featured_media":0,"parent":0,"menu_order":0,"comment_status":"closed","ping_status":"closed","template":"","meta":{"_monsterinsights_skip_tracking":false,"_monsterinsights_sitenote_active":false,"_monsterinsights_sitenote_note":"","_monsterinsights_sitenote_category":0,"site-sidebar-layout":"no-sidebar","site-content-layout":"page-builder","ast-main-header-display":"","ast-hfb-above-header-display":"","ast-hfb-below-header-display":"","ast-hfb-mobile-header-display":"","site-post-title":"disabled","ast-breadcrumbs-content":"","ast-featured-img":"disabled","footer-sml-layout":"","theme-transparent-header-meta":"default","adv-header-id-meta":"","stick-header-meta":"","header-above-stick-meta":"","header-main-stick-meta":"","header-below-stick-meta":"","footnotes":""},"class_list":["post-6885","page","type-page","status-publish","hentry"],"yoast_head":"<!-- This site is optimized with the Yoast SEO plugin v17.8 - https:\/\/yoast.com\/wordpress\/plugins\/seo\/ -->\n<title>B\u00e9b\u00e9 Nageur Ciney - Oh my sport<\/title>\n<meta name=\"robots\" content=\"index, follow, max-snippet:-1, max-image-preview:large, max-video-preview:-1\" \/>\n<link rel=\"canonical\" href=\"https:\/\/ohmysport.be\/index.php\/bebe-nageur-ciney\/\" \/>\n<meta property=\"og:locale\" content=\"fr_FR\" \/>\n<meta property=\"og:type\" content=\"article\" \/>\n<meta property=\"og:title\" content=\"B\u00e9b\u00e9 Nageur Ciney - Oh my sport\" \/>\n<meta property=\"og:description\" content=\"Cours aquatiques pour B\u00e9b\u00e9s Nageur \u00e0 Ciney M\u00c9THODE P\u00c9DAGOGIQUE INFOS PRATIQUES Piscine Bassin privatis\u00e9 par Oh My Sport construit en 2025 avec douches et vestiaires (individuels et collectifs). Adresse Centre Phys\u00e9os Rue de la croix limont5590 Ciney Formule &#038; Horaire Abonnement semestriel \u2192 17,5 \u20ac \/s\u00e9ance Dur\u00e9e d\u2019une s\u00e9ance : 30 minutes Horaire : Vendredi &hellip; B\u00e9b\u00e9 Nageur Ciney Lire la suite\u00a0\u00bb\" \/>\n<meta property=\"og:url\" content=\"https:\/\/ohmysport.be\/index.php\/bebe-nageur-ciney\/\" \/>\n<meta property=\"og:site_name\" content=\"Oh my sport\" \/>\n<meta property=\"article:modified_time\" content=\"2026-04-05T13:28:32+00:00\" \/>\n<meta property=\"og:image\" content=\"https:\/\/ohmysport.be\/wp-content\/uploads\/2026\/04\/Bebe-nageurs.png\" \/>\n<meta name=\"twitter:card\" content=\"summary_large_image\" \/>\n<meta name=\"twitter:label1\" content=\"Dur\u00e9e de lecture estim\u00e9e\" \/>\n\t<meta name=\"twitter:data1\" content=\"4 minutes\" \/>\n<script type=\"application\/ld+json\" class=\"yoast-schema-graph\">{\"@context\":\"https:\/\/schema.org\",\"@graph\":[{\"@type\":\"WebSite\",\"@id\":\"https:\/\/ohmysport.be\/#website\",\"url\":\"https:\/\/ohmysport.be\/\",\"name\":\"Oh my sport\",\"description\":\"Du sport et du fun pour tous\",\"potentialAction\":[{\"@type\":\"SearchAction\",\"target\":{\"@type\":\"EntryPoint\",\"urlTemplate\":\"https:\/\/ohmysport.be\/?s={search_term_string}\"},\"query-input\":\"required name=search_term_string\"}],\"inLanguage\":\"fr-FR\"},{\"@type\":\"ImageObject\",\"@id\":\"https:\/\/ohmysport.be\/index.php\/bebe-nageur-ciney\/#primaryimage\",\"inLanguage\":\"fr-FR\",\"url\":\"https:\/\/ohmysport.be\/wp-content\/uploads\/2026\/04\/Bebe-nageurs.png\",\"contentUrl\":\"https:\/\/ohmysport.be\/wp-content\/uploads\/2026\/04\/Bebe-nageurs.png\",\"width\":655,\"height\":645},{\"@type\":\"WebPage\",\"@id\":\"https:\/\/ohmysport.be\/index.php\/bebe-nageur-ciney\/#webpage\",\"url\":\"https:\/\/ohmysport.be\/index.php\/bebe-nageur-ciney\/\",\"name\":\"B\\u00e9b\\u00e9 Nageur Ciney - Oh my sport\",\"isPartOf\":{\"@id\":\"https:\/\/ohmysport.be\/#website\"},\"primaryImageOfPage\":{\"@id\":\"https:\/\/ohmysport.be\/index.php\/bebe-nageur-ciney\/#primaryimage\"},\"datePublished\":\"2026-04-05T13:06:12+00:00\",\"dateModified\":\"2026-04-05T13:28:32+00:00\",\"breadcrumb\":{\"@id\":\"https:\/\/ohmysport.be\/index.php\/bebe-nageur-ciney\/#breadcrumb\"},\"inLanguage\":\"fr-FR\",\"potentialAction\":[{\"@type\":\"ReadAction\",\"target\":[\"https:\/\/ohmysport.be\/index.php\/bebe-nageur-ciney\/\"]}]},{\"@type\":\"BreadcrumbList\",\"@id\":\"https:\/\/ohmysport.be\/index.php\/bebe-nageur-ciney\/#breadcrumb\",\"itemListElement\":[{\"@type\":\"ListItem\",\"position\":1,\"name\":\"Accueil\",\"item\":\"https:\/\/ohmysport.be\/\"},{\"@type\":\"ListItem\",\"position\":2,\"name\":\"B\\u00e9b\\u00e9 Nageur Ciney\"}]}]}<\/script>\n<!-- \/ Yoast SEO plugin. -->","yoast_head_json":{"title":"B\u00e9b\u00e9 Nageur Ciney - Oh my sport","robots":{"index":"index","follow":"follow","max-snippet":"max-snippet:-1","max-image-preview":"max-image-preview:large","max-video-preview":"max-video-preview:-1"},"canonical":"https:\/\/ohmysport.be\/index.php\/bebe-nageur-ciney\/","og_locale":"fr_FR","og_type":"article","og_title":"B\u00e9b\u00e9 Nageur Ciney - Oh my sport","og_description":"Cours aquatiques pour B\u00e9b\u00e9s Nageur \u00e0 Ciney M\u00c9THODE P\u00c9DAGOGIQUE INFOS PRATIQUES Piscine Bassin privatis\u00e9 par Oh My Sport construit en 2025 avec douches et vestiaires (individuels et collectifs). Adresse Centre Phys\u00e9os Rue de la croix limont5590 Ciney Formule &#038; Horaire Abonnement semestriel \u2192 17,5 \u20ac \/s\u00e9ance Dur\u00e9e d\u2019une s\u00e9ance : 30 minutes Horaire : Vendredi &hellip; B\u00e9b\u00e9 Nageur Ciney Lire la suite\u00a0\u00bb","og_url":"https:\/\/ohmysport.be\/index.php\/bebe-nageur-ciney\/","og_site_name":"Oh my sport","article_modified_time":"2026-04-05T13:28:32+00:00","og_image":[{"url":"https:\/\/ohmysport.be\/wp-content\/uploads\/2026\/04\/Bebe-nageurs.png"}],"twitter_card":"summary_large_image","twitter_misc":{"Dur\u00e9e de lecture estim\u00e9e":"4 minutes"},"schema":{"@context":"https:\/\/schema.org","@graph":[{"@type":"WebSite","@id":"https:\/\/ohmysport.be\/#website","url":"https:\/\/ohmysport.be\/","name":"Oh my sport","description":"Du sport et du fun pour tous","potentialAction":[{"@type":"SearchAction","target":{"@type":"EntryPoint","urlTemplate":"https:\/\/ohmysport.be\/?s={search_term_string}"},"query-input":"required name=search_term_string"}],"inLanguage":"fr-FR"},{"@type":"ImageObject","@id":"https:\/\/ohmysport.be\/index.php\/bebe-nageur-ciney\/#primaryimage","inLanguage":"fr-FR","url":"https:\/\/ohmysport.be\/wp-content\/uploads\/2026\/04\/Bebe-nageurs.png","contentUrl":"https:\/\/ohmysport.be\/wp-content\/uploads\/2026\/04\/Bebe-nageurs.png","width":655,"height":645},{"@type":"WebPage","@id":"https:\/\/ohmysport.be\/index.php\/bebe-nageur-ciney\/#webpage","url":"https:\/\/ohmysport.be\/index.php\/bebe-nageur-ciney\/","name":"B\u00e9b\u00e9 Nageur Ciney - Oh my sport","isPartOf":{"@id":"https:\/\/ohmysport.be\/#website"},"primaryImageOfPage":{"@id":"https:\/\/ohmysport.be\/index.php\/bebe-nageur-ciney\/#primaryimage"},"datePublished":"2026-04-05T13:06:12+00:00","dateModified":"2026-04-05T13:28:32+00:00","breadcrumb":{"@id":"https:\/\/ohmysport.be\/index.php\/bebe-nageur-ciney\/#breadcrumb"},"inLanguage":"fr-FR","potentialAction":[{"@type":"ReadAction","target":["https:\/\/ohmysport.be\/index.php\/bebe-nageur-ciney\/"]}]},{"@type":"BreadcrumbList","@id":"https:\/\/ohmysport.be\/index.php\/bebe-nageur-ciney\/#breadcrumb","itemListElement":[{"@type":"ListItem","position":1,"name":"Accueil","item":"https:\/\/ohmysport.be\/"},{"@type":"ListItem","position":2,"name":"B\u00e9b\u00e9 Nageur Ciney"}]}]}},"_links":{"self":[{"href":"https:\/\/ohmysport.be\/index.php\/wp-json\/wp\/v2\/pages\/6885","targetHints":{"allow":["GET"]}}],"collection":[{"href":"https:\/\/ohmysport.be\/index.php\/wp-json\/wp\/v2\/pages"}],"about":[{"href":"https:\/\/ohmysport.be\/index.php\/wp-json\/wp\/v2\/types\/page"}],"author":[{"embeddable":true,"href":"https:\/\/ohmysport.be\/index.php\/wp-json\/wp\/v2\/users\/1"}],"replies":[{"embeddable":true,"href":"https:\/\/ohmysport.be\/index.php\/wp-json\/wp\/v2\/comments?post=6885"}],"version-history":[{"count":64,"href":"https:\/\/ohmysport.be\/index.php\/wp-json\/wp\/v2\/pages\/6885\/revisions"}],"predecessor-version":[{"id":6951,"href":"https:\/\/ohmysport.be\/index.php\/wp-json\/wp\/v2\/pages\/6885\/revisions\/6951"}],"wp:attachment":[{"href":"https:\/\/ohmysport.be\/index.php\/wp-json\/wp\/v2\/media?parent=6885"}],"curies":[{"name":"wp","href":"https:\/\/api.w.org\/{rel}","templated":true}]}}